
{"id":5832,"date":"2022-09-27T17:50:37","date_gmt":"2022-09-27T17:50:37","guid":{"rendered":"https:\/\/mola-solta.pt\/?post_type=product&#038;p=5832"},"modified":"2022-10-12T08:39:09","modified_gmt":"2022-10-12T08:39:09","slug":"vasco-cama","status":"publish","type":"product","link":"https:\/\/mola-solta.pt\/fr\/product\/vasco-cama\/","title":{"rendered":"Vasco - Canap\u00e9-lit"},"content":{"rendered":"<div data-elementor-type=\"product-post\" data-elementor-id=\"5832\" class=\"elementor elementor-5832\">\n\t\t\t\t\t\t<section class=\"elementor-section elementor-top-section elementor-element elementor-element-d27f8a5 elementor-section-boxed elementor-section-height-default elementor-section-height-default\" data-id=\"d27f8a5\" data-element_type=\"section\" data-e-type=\"section\" data-settings=\"{&quot;tmea_shape_divider_top&quot;:&quot;none&quot;,&quot;tmea_shape_divider_bottom&quot;:&quot;none&quot;}\">\n\t\t\t\t\t\t<div class=\"elementor-container elementor-column-gap-default\">\n\t\t\t\t\t<div class=\"elementor-column elementor-col-100 elementor-top-column elementor-element elementor-element-6ef2502\" data-id=\"6ef2502\" data-element_type=\"column\" data-e-type=\"column\">\n\t\t\t<div class=\"elementor-widget-wrap elementor-element-populated\">\n\t\t\t\t\t\t<div class=\"elementor-element elementor-element-1d29923 elementor-widget elementor-widget-image\" data-id=\"1d29923\" data-element_type=\"widget\" data-e-type=\"widget\" data-widget_type=\"image.default\">\n\t\t\t\t<div class=\"elementor-widget-container\">\n\t\t\t\t\t\t\t\t\t\t\t\t\t\t\t<img fetchpriority=\"high\" decoding=\"async\" width=\"1450\" height=\"600\" src=\"https:\/\/mola-solta.pt\/wp-content\/uploads\/2022\/09\/VASCO-1.jpg\" class=\"attachment-full size-full wp-image-7033\" alt=\"\" \/>\t\t\t\t\t\t\t\t\t\t\t\t\t\t\t<\/div>\n\t\t\t\t<\/div>\n\t\t\t\t\t<\/div>\n\t\t<\/div>\n\t\t\t\t\t<\/div>\n\t\t<\/section>\n\t\t\t\t<section class=\"elementor-section elementor-top-section elementor-element elementor-element-52c4e1b elementor-section-boxed elementor-section-height-default elementor-section-height-default\" data-id=\"52c4e1b\" data-element_type=\"section\" data-e-type=\"section\" data-settings=\"{&quot;tmea_shape_divider_top&quot;:&quot;none&quot;,&quot;tmea_shape_divider_bottom&quot;:&quot;none&quot;}\">\n\t\t\t\t\t\t<div class=\"elementor-container elementor-column-gap-default\">\n\t\t\t\t\t<div class=\"elementor-column elementor-col-100 elementor-top-column elementor-element elementor-element-4acd2f8\" data-id=\"4acd2f8\" data-element_type=\"column\" data-e-type=\"column\">\n\t\t\t<div class=\"elementor-widget-wrap\">\n\t\t\t\t\t\t\t<\/div>\n\t\t<\/div>\n\t\t\t\t\t<\/div>\n\t\t<\/section>\n\t\t\t\t<section class=\"elementor-section elementor-top-section elementor-element elementor-element-2cc9b41 elementor-section-boxed elementor-section-height-default elementor-section-height-default\" data-id=\"2cc9b41\" data-element_type=\"section\" data-e-type=\"section\" data-settings=\"{&quot;tmea_shape_divider_top&quot;:&quot;none&quot;,&quot;tmea_shape_divider_bottom&quot;:&quot;none&quot;}\">\n\t\t\t\t\t\t<div class=\"elementor-container elementor-column-gap-default\">\n\t\t\t\t\t<div class=\"elementor-column elementor-col-100 elementor-top-column elementor-element elementor-element-b49af8c\" data-id=\"b49af8c\" data-element_type=\"column\" data-e-type=\"column\">\n\t\t\t<div class=\"elementor-widget-wrap elementor-element-populated\">\n\t\t\t\t\t\t<div class=\"elementor-element elementor-element-00cd032 elementor-widget elementor-widget-text-editor\" data-id=\"00cd032\" data-element_type=\"widget\" data-e-type=\"widget\" data-widget_type=\"text-editor.default\">\n\t\t\t\t<div class=\"elementor-widget-container\">\n\t\t\t\t\t\t\t\t\t<p>Canap\u00e9 avec lit sur\u00e9lev\u00e9 ( option sans lit )<\/p><p>Plate-forme m\u00e9tallique avec filet de syst\u00e8me d'\u00e9l\u00e9vation<\/p><p>Matelas en mousse<\/p>\t\t\t\t\t\t\t\t<\/div>\n\t\t\t\t<\/div>\n\t\t\t\t<div class=\"elementor-element elementor-element-5513d44 elementor-widget elementor-widget-image-gallery\" data-id=\"5513d44\" data-element_type=\"widget\" data-e-type=\"widget\" data-widget_type=\"image-gallery.default\">\n\t\t\t\t<div class=\"elementor-widget-container\">\n\t\t\t\t\t\t\t<div class=\"elementor-image-gallery\">\n\t\t\t<div id='gallery-1' class='gallery galleryid-5832 gallery-columns-2 gallery-size-full'><figure class='gallery-item'>\n\t\t\t<div class='gallery-icon landscape'>\n\t\t\t\t<a data-elementor-open-lightbox=\"yes\" data-elementor-lightbox-slideshow=\"5513d44\" data-elementor-lightbox-title=\"Belt\" data-e-action-hash=\"#elementor-action%3Aaction%3Dlightbox%26settings%3DeyJpZCI6NDkyMSwidXJsIjoiaHR0cHM6XC9cL21vbGEtc29sdGEucHRcL3dwLWNvbnRlbnRcL3VwbG9hZHNcLzIwMjJcLzA5XC9CZWx0LnBuZyIsInNsaWRlc2hvdyI6IjU1MTNkNDQifQ%3D%3D\" href='https:\/\/mola-solta.pt\/wp-content\/uploads\/2022\/09\/Belt.png'><img decoding=\"async\" width=\"6000\" height=\"4000\" src=\"https:\/\/mola-solta.pt\/wp-content\/uploads\/2022\/09\/Belt.png\" class=\"attachment-full size-full\" alt=\"\" \/><\/a>\n\t\t\t<\/div><\/figure><figure class='gallery-item'>\n\t\t\t<div class='gallery-icon landscape'>\n\t\t\t\t<a data-elementor-open-lightbox=\"yes\" data-elementor-lightbox-slideshow=\"5513d44\" data-elementor-lightbox-title=\"INTERLOCK\" data-e-action-hash=\"#elementor-action%3Aaction%3Dlightbox%26settings%3DeyJpZCI6NDg2MiwidXJsIjoiaHR0cHM6XC9cL21vbGEtc29sdGEucHRcL3dwLWNvbnRlbnRcL3VwbG9hZHNcLzIwMjJcLzA5XC9JTlRFUkxPQ0suanBnIiwic2xpZGVzaG93IjoiNTUxM2Q0NCJ9\" href='https:\/\/mola-solta.pt\/wp-content\/uploads\/2022\/09\/INTERLOCK.jpg'><img decoding=\"async\" width=\"1000\" height=\"667\" src=\"https:\/\/mola-solta.pt\/wp-content\/uploads\/2022\/09\/INTERLOCK.jpg\" class=\"attachment-full size-full\" alt=\"\" \/><\/a>\n\t\t\t<\/div><\/figure><figure class='gallery-item'>\n\t\t\t<div class='gallery-icon landscape'>\n\t\t\t\t<a data-elementor-open-lightbox=\"yes\" data-elementor-lightbox-slideshow=\"5513d44\" data-elementor-lightbox-title=\"GOMOS-H\" data-e-action-hash=\"#elementor-action%3Aaction%3Dlightbox%26settings%3DeyJpZCI6NjE2MCwidXJsIjoiaHR0cHM6XC9cL21vbGEtc29sdGEucHRcL3dwLWNvbnRlbnRcL3VwbG9hZHNcLzIwMjJcLzA5XC9HT01PUy1ILnBuZyIsInNsaWRlc2hvdyI6IjU1MTNkNDQifQ%3D%3D\" href='https:\/\/mola-solta.pt\/wp-content\/uploads\/2022\/09\/GOMOS-H.png'><img loading=\"lazy\" decoding=\"async\" width=\"700\" height=\"700\" src=\"https:\/\/mola-solta.pt\/wp-content\/uploads\/2022\/09\/GOMOS-H.png\" class=\"attachment-full size-full\" alt=\"\" \/><\/a>\n\t\t\t<\/div><\/figure><figure class='gallery-item'>\n\t\t\t<div class='gallery-icon landscape'>\n\t\t\t\t<a data-elementor-open-lightbox=\"yes\" data-elementor-lightbox-slideshow=\"5513d44\" data-elementor-lightbox-title=\"FORTE\" data-e-action-hash=\"#elementor-action%3Aaction%3Dlightbox%26settings%3DeyJpZCI6NjQ3NCwidXJsIjoiaHR0cHM6XC9cL21vbGEtc29sdGEucHRcL3dwLWNvbnRlbnRcL3VwbG9hZHNcLzIwMjJcLzA5XC9GT1JURS5wbmciLCJzbGlkZXNob3ciOiI1NTEzZDQ0In0%3D\" href='https:\/\/mola-solta.pt\/wp-content\/uploads\/2022\/09\/FORTE.png'><img loading=\"lazy\" decoding=\"async\" width=\"700\" height=\"700\" src=\"https:\/\/mola-solta.pt\/wp-content\/uploads\/2022\/09\/FORTE.png\" class=\"attachment-full size-full\" alt=\"\" \/><\/a>\n\t\t\t<\/div><\/figure><figure class='gallery-item'>\n\t\t\t<div class='gallery-icon landscape'>\n\t\t\t\t<a data-elementor-open-lightbox=\"yes\" data-elementor-lightbox-slideshow=\"5513d44\" data-elementor-lightbox-title=\"CONFORT\" data-e-action-hash=\"#elementor-action%3Aaction%3Dlightbox%26settings%3DeyJpZCI6Njk3OSwidXJsIjoiaHR0cHM6XC9cL21vbGEtc29sdGEucHRcL3dwLWNvbnRlbnRcL3VwbG9hZHNcLzIwMjJcLzEwXC9DT05GT1JULnBuZyIsInNsaWRlc2hvdyI6IjU1MTNkNDQifQ%3D%3D\" href='https:\/\/mola-solta.pt\/wp-content\/uploads\/2022\/10\/CONFORT.png'><img loading=\"lazy\" decoding=\"async\" width=\"700\" height=\"700\" src=\"https:\/\/mola-solta.pt\/wp-content\/uploads\/2022\/10\/CONFORT.png\" class=\"attachment-full size-full\" alt=\"\" \/><\/a>\n\t\t\t<\/div><\/figure><figure class='gallery-item'>\n\t\t\t<div class='gallery-icon landscape'>\n\t\t\t\t<a data-elementor-open-lightbox=\"yes\" data-elementor-lightbox-slideshow=\"5513d44\" data-elementor-lightbox-title=\"JENGA\" data-e-action-hash=\"#elementor-action%3Aaction%3Dlightbox%26settings%3DeyJpZCI6NjExNCwidXJsIjoiaHR0cHM6XC9cL21vbGEtc29sdGEucHRcL3dwLWNvbnRlbnRcL3VwbG9hZHNcLzIwMjJcLzA5XC9KRU5HQS5wbmciLCJzbGlkZXNob3ciOiI1NTEzZDQ0In0%3D\" href='https:\/\/mola-solta.pt\/wp-content\/uploads\/2022\/09\/JENGA.png'><img loading=\"lazy\" decoding=\"async\" width=\"700\" height=\"700\" src=\"https:\/\/mola-solta.pt\/wp-content\/uploads\/2022\/09\/JENGA.png\" class=\"attachment-full size-full\" alt=\"\" \/><\/a>\n\t\t\t<\/div><\/figure><figure class='gallery-item'>\n\t\t\t<div class='gallery-icon landscape'>\n\t\t\t\t<a data-elementor-open-lightbox=\"yes\" data-elementor-lightbox-slideshow=\"5513d44\" data-elementor-lightbox-title=\"EASY\" data-e-action-hash=\"#elementor-action%3Aaction%3Dlightbox%26settings%3DeyJpZCI6NzQ0MiwidXJsIjoiaHR0cHM6XC9cL21vbGEtc29sdGEucHRcL3dwLWNvbnRlbnRcL3VwbG9hZHNcLzIwMjNcLzA0XC9FQVNZLnBuZyIsInNsaWRlc2hvdyI6IjU1MTNkNDQifQ%3D%3D\" href='https:\/\/mola-solta.pt\/wp-content\/uploads\/2023\/04\/EASY.png'><img loading=\"lazy\" decoding=\"async\" width=\"700\" height=\"700\" src=\"https:\/\/mola-solta.pt\/wp-content\/uploads\/2023\/04\/EASY.png\" class=\"attachment-full size-full\" alt=\"\" \/><\/a>\n\t\t\t<\/div><\/figure>\n\t\t<\/div>\n\t\t<\/div>\n\t\t\t\t\t\t<\/div>\n\t\t\t\t<\/div>\n\t\t\t\t\t<\/div>\n\t\t<\/div>\n\t\t\t\t\t<\/div>\n\t\t<\/section>\n\t\t\t\t<\/div>","protected":false},"excerpt":{"rendered":"<p>Sofa com cama elevat\u00f3ria ( op\u00e7\u00e3o sem cama ) Estrado met\u00e1lico com rede com sistema de eleva\u00e7\u00e3o Colch\u00e3o em espuma<\/p>","protected":false},"featured_media":7027,"comment_status":"open","ping_status":"closed","template":"","meta":{"_acf_changed":false},"product_brand":[],"product_cat":[60],"product_tag":[],"class_list":{"0":"post-5832","1":"product","2":"type-product","3":"status-publish","4":"has-post-thumbnail","6":"product_cat-sofas","8":"first","9":"instock","10":"shipping-taxable","11":"product-type-simple"},"acf":[],"_links":{"self":[{"href":"https:\/\/mola-solta.pt\/fr\/wp-json\/wp\/v2\/product\/5832","targetHints":{"allow":["GET"]}}],"collection":[{"href":"https:\/\/mola-solta.pt\/fr\/wp-json\/wp\/v2\/product"}],"about":[{"href":"https:\/\/mola-solta.pt\/fr\/wp-json\/wp\/v2\/types\/product"}],"replies":[{"embeddable":true,"href":"https:\/\/mola-solta.pt\/fr\/wp-json\/wp\/v2\/comments?post=5832"}],"version-history":[{"count":0,"href":"https:\/\/mola-solta.pt\/fr\/wp-json\/wp\/v2\/product\/5832\/revisions"}],"wp:featuredmedia":[{"embeddable":true,"href":"https:\/\/mola-solta.pt\/fr\/wp-json\/wp\/v2\/media\/7027"}],"wp:attachment":[{"href":"https:\/\/mola-solta.pt\/fr\/wp-json\/wp\/v2\/media?parent=5832"}],"wp:term":[{"taxonomy":"product_brand","embeddable":true,"href":"https:\/\/mola-solta.pt\/fr\/wp-json\/wp\/v2\/product_brand?post=5832"},{"taxonomy":"product_cat","embeddable":true,"href":"https:\/\/mola-solta.pt\/fr\/wp-json\/wp\/v2\/product_cat?post=5832"},{"taxonomy":"product_tag","embeddable":true,"href":"https:\/\/mola-solta.pt\/fr\/wp-json\/wp\/v2\/product_tag?post=5832"}],"curies":[{"name":"wp","href":"https:\/\/api.w.org\/{rel}","templated":true}]}}