
{"id":4859,"date":"2022-09-08T14:44:18","date_gmt":"2022-09-08T14:44:18","guid":{"rendered":"https:\/\/suba-agency.com\/mola-solta\/?post_type=product&#038;p=4859"},"modified":"2022-10-03T16:18:41","modified_gmt":"2022-10-03T16:18:41","slug":"interlock","status":"publish","type":"product","link":"https:\/\/mola-solta.pt\/fr\/product\/interlock\/","title":{"rendered":"Interlock"},"content":{"rendered":"<div data-elementor-type=\"product-post\" data-elementor-id=\"4859\" class=\"elementor elementor-4859\">\n\t\t\t\t\t\t<section class=\"elementor-section elementor-top-section elementor-element elementor-element-d27f8a5 elementor-section-boxed elementor-section-height-default elementor-section-height-default\" data-id=\"d27f8a5\" data-element_type=\"section\" data-e-type=\"section\" data-settings=\"{&quot;tmea_shape_divider_top&quot;:&quot;none&quot;,&quot;tmea_shape_divider_bottom&quot;:&quot;none&quot;}\">\n\t\t\t\t\t\t<div class=\"elementor-container elementor-column-gap-default\">\n\t\t\t\t\t<div class=\"elementor-column elementor-col-100 elementor-top-column elementor-element elementor-element-6ef2502\" data-id=\"6ef2502\" data-element_type=\"column\" data-e-type=\"column\">\n\t\t\t<div class=\"elementor-widget-wrap elementor-element-populated\">\n\t\t\t\t\t\t<div class=\"elementor-element elementor-element-1d29923 elementor-widget elementor-widget-image\" data-id=\"1d29923\" data-element_type=\"widget\" data-e-type=\"widget\" data-widget_type=\"image.default\">\n\t\t\t\t<div class=\"elementor-widget-container\">\n\t\t\t\t\t\t\t\t\t\t\t\t\t\t\t<img fetchpriority=\"high\" decoding=\"async\" width=\"1450\" height=\"600\" src=\"https:\/\/mola-solta.pt\/wp-content\/uploads\/2022\/09\/1450_600interlock_1450_600.jpg\" class=\"attachment-full size-full wp-image-4860\" alt=\"\" \/>\t\t\t\t\t\t\t\t\t\t\t\t\t\t\t<\/div>\n\t\t\t\t<\/div>\n\t\t\t\t\t<\/div>\n\t\t<\/div>\n\t\t\t\t\t<\/div>\n\t\t<\/section>\n\t\t\t\t<section class=\"elementor-section elementor-top-section elementor-element elementor-element-52c4e1b elementor-section-boxed elementor-section-height-default elementor-section-height-default\" data-id=\"52c4e1b\" data-element_type=\"section\" data-e-type=\"section\" data-settings=\"{&quot;tmea_shape_divider_top&quot;:&quot;none&quot;,&quot;tmea_shape_divider_bottom&quot;:&quot;none&quot;}\">\n\t\t\t\t\t\t<div class=\"elementor-container elementor-column-gap-default\">\n\t\t\t\t\t<div class=\"elementor-column elementor-col-100 elementor-top-column elementor-element elementor-element-4acd2f8\" data-id=\"4acd2f8\" data-element_type=\"column\" data-e-type=\"column\">\n\t\t\t<div class=\"elementor-widget-wrap elementor-element-populated\">\n\t\t\t\t\t\t<div class=\"elementor-element elementor-element-0459f4c elementor-widget elementor-widget-heading\" data-id=\"0459f4c\" data-element_type=\"widget\" data-e-type=\"widget\" data-widget_type=\"heading.default\">\n\t\t\t\t<div class=\"elementor-widget-container\">\n\t\t\t\t\t<h2 class=\"elementor-heading-title elementor-size-default\">Interlock<\/h2>\t\t\t\t<\/div>\n\t\t\t\t<\/div>\n\t\t\t\t<div class=\"elementor-element elementor-element-00cd032 elementor-widget elementor-widget-text-editor\" data-id=\"00cd032\" data-element_type=\"widget\" data-e-type=\"widget\" data-widget_type=\"text-editor.default\">\n\t\t\t\t<div class=\"elementor-widget-container\">\n\t\t\t\t\t\t\t\t\t<p>La structure Interlock est naturelle et confortable gr\u00e2ce \u00e0 la pr\u00e9sence de coton.<br \/>Sa surface lisse et glissante avec une brillance subtile et luxueuse est due \u00e0 l'utilisation de la technologie Plummy\u00ae, une nouvelle technologie de finition hybride qui offre des surfaces pures et propres avec des touches plus raffin\u00e9es et intelligentes allant d'une petite luminance aux finitions velours brillantes et semi-brillante aspect mat.<br \/>Les fibres sont douces, froides, respirantes et absorbantes.<\/p><p>\u00a0<\/p><ul><li>Ref. <strong>INTERLOCK <\/strong>3.0<ul><li>Dur<\/li><\/ul><\/li><\/ul><ul><li>Ref. <strong>INTERLOCK <\/strong>2.0<ul><li>Moyenne<\/li><\/ul><\/li><\/ul><ul><li>Ref. <strong>INTERLOCK <\/strong>1.0<ul><li>Tendre<\/li><\/ul><\/li><\/ul>\t\t\t\t\t\t\t\t<\/div>\n\t\t\t\t<\/div>\n\t\t\t\t\t<\/div>\n\t\t<\/div>\n\t\t\t\t\t<\/div>\n\t\t<\/section>\n\t\t\t\t<section class=\"elementor-section elementor-top-section elementor-element elementor-element-2cc9b41 elementor-section-boxed elementor-section-height-default elementor-section-height-default\" data-id=\"2cc9b41\" data-element_type=\"section\" data-e-type=\"section\" data-settings=\"{&quot;tmea_shape_divider_top&quot;:&quot;none&quot;,&quot;tmea_shape_divider_bottom&quot;:&quot;none&quot;}\">\n\t\t\t\t\t\t<div class=\"elementor-container elementor-column-gap-default\">\n\t\t\t\t\t<div class=\"elementor-column elementor-col-100 elementor-top-column elementor-element elementor-element-b49af8c\" data-id=\"b49af8c\" data-element_type=\"column\" data-e-type=\"column\">\n\t\t\t<div class=\"elementor-widget-wrap elementor-element-populated\">\n\t\t\t\t\t\t<div class=\"elementor-element elementor-element-5513d44 elementor-widget elementor-widget-image-gallery\" data-id=\"5513d44\" data-element_type=\"widget\" data-e-type=\"widget\" data-widget_type=\"image-gallery.default\">\n\t\t\t\t<div class=\"elementor-widget-container\">\n\t\t\t\t\t\t\t<div class=\"elementor-image-gallery\">\n\t\t\t<div id='gallery-1' class='gallery galleryid-4859 gallery-columns-2 gallery-size-full'><figure class='gallery-item'>\n\t\t\t<div class='gallery-icon landscape'>\n\t\t\t\t<a data-elementor-open-lightbox=\"yes\" data-elementor-lightbox-slideshow=\"5513d44\" data-elementor-lightbox-title=\"Belt\" data-e-action-hash=\"#elementor-action%3Aaction%3Dlightbox%26settings%3DeyJpZCI6NDkyMSwidXJsIjoiaHR0cHM6XC9cL21vbGEtc29sdGEucHRcL3dwLWNvbnRlbnRcL3VwbG9hZHNcLzIwMjJcLzA5XC9CZWx0LnBuZyIsInNsaWRlc2hvdyI6IjU1MTNkNDQifQ%3D%3D\" href='https:\/\/mola-solta.pt\/wp-content\/uploads\/2022\/09\/Belt.png'><img decoding=\"async\" width=\"6000\" height=\"4000\" src=\"https:\/\/mola-solta.pt\/wp-content\/uploads\/2022\/09\/Belt.png\" class=\"attachment-full size-full\" alt=\"\" \/><\/a>\n\t\t\t<\/div><\/figure><figure class='gallery-item'>\n\t\t\t<div class='gallery-icon landscape'>\n\t\t\t\t<a data-elementor-open-lightbox=\"yes\" data-elementor-lightbox-slideshow=\"5513d44\" data-elementor-lightbox-title=\"INTERLOCK\" data-e-action-hash=\"#elementor-action%3Aaction%3Dlightbox%26settings%3DeyJpZCI6NDg2MiwidXJsIjoiaHR0cHM6XC9cL21vbGEtc29sdGEucHRcL3dwLWNvbnRlbnRcL3VwbG9hZHNcLzIwMjJcLzA5XC9JTlRFUkxPQ0suanBnIiwic2xpZGVzaG93IjoiNTUxM2Q0NCJ9\" href='https:\/\/mola-solta.pt\/wp-content\/uploads\/2022\/09\/INTERLOCK.jpg'><img decoding=\"async\" width=\"1000\" height=\"667\" src=\"https:\/\/mola-solta.pt\/wp-content\/uploads\/2022\/09\/INTERLOCK.jpg\" class=\"attachment-full size-full\" alt=\"\" \/><\/a>\n\t\t\t<\/div><\/figure><figure class='gallery-item'>\n\t\t\t<div class='gallery-icon landscape'>\n\t\t\t\t<a data-elementor-open-lightbox=\"yes\" data-elementor-lightbox-slideshow=\"5513d44\" data-elementor-lightbox-title=\"GOMOS-H\" data-e-action-hash=\"#elementor-action%3Aaction%3Dlightbox%26settings%3DeyJpZCI6NjE2MCwidXJsIjoiaHR0cHM6XC9cL21vbGEtc29sdGEucHRcL3dwLWNvbnRlbnRcL3VwbG9hZHNcLzIwMjJcLzA5XC9HT01PUy1ILnBuZyIsInNsaWRlc2hvdyI6IjU1MTNkNDQifQ%3D%3D\" href='https:\/\/mola-solta.pt\/wp-content\/uploads\/2022\/09\/GOMOS-H.png'><img loading=\"lazy\" decoding=\"async\" width=\"700\" height=\"700\" src=\"https:\/\/mola-solta.pt\/wp-content\/uploads\/2022\/09\/GOMOS-H.png\" class=\"attachment-full size-full\" alt=\"\" \/><\/a>\n\t\t\t<\/div><\/figure><figure class='gallery-item'>\n\t\t\t<div class='gallery-icon landscape'>\n\t\t\t\t<a data-elementor-open-lightbox=\"yes\" data-elementor-lightbox-slideshow=\"5513d44\" data-elementor-lightbox-title=\"FORTE\" data-e-action-hash=\"#elementor-action%3Aaction%3Dlightbox%26settings%3DeyJpZCI6NjQ3NCwidXJsIjoiaHR0cHM6XC9cL21vbGEtc29sdGEucHRcL3dwLWNvbnRlbnRcL3VwbG9hZHNcLzIwMjJcLzA5XC9GT1JURS5wbmciLCJzbGlkZXNob3ciOiI1NTEzZDQ0In0%3D\" href='https:\/\/mola-solta.pt\/wp-content\/uploads\/2022\/09\/FORTE.png'><img loading=\"lazy\" decoding=\"async\" width=\"700\" height=\"700\" src=\"https:\/\/mola-solta.pt\/wp-content\/uploads\/2022\/09\/FORTE.png\" class=\"attachment-full size-full\" alt=\"\" \/><\/a>\n\t\t\t<\/div><\/figure>\n\t\t<\/div>\n\t\t<\/div>\n\t\t\t\t\t\t<\/div>\n\t\t\t\t<\/div>\n\t\t\t\t\t<\/div>\n\t\t<\/div>\n\t\t\t\t\t<\/div>\n\t\t<\/section>\n\t\t\t\t<\/div>","protected":false},"excerpt":{"rendered":"<p>La structure Interlock est naturelle et confortable gr\u00e2ce \u00e0 la pr\u00e9sence de coton.<br \/> A sua superf\u00edcie lisa e deslizante com um brilho subtil e luxuoso deve-se ao uso da tecnologia Plummy\u00ae, um acabamento h\u00edbrido de nova tecnologia que oferece superf\u00edcies puras e limpas com toques mais refinados e inteligentes que v\u00e3o desde uma pequena lumin\u00e2ncia a acabamentos de veludo brilhante e &hellip;<\/p>","protected":false},"featured_media":6902,"comment_status":"open","ping_status":"closed","template":"","meta":{"_acf_changed":false},"product_brand":[],"product_cat":[64],"product_tag":[],"class_list":{"0":"post-4859","1":"product","2":"type-product","3":"status-publish","4":"has-post-thumbnail","6":"product_cat-almofadas","8":"first","9":"instock","10":"shipping-taxable","11":"product-type-simple"},"acf":[],"_links":{"self":[{"href":"https:\/\/mola-solta.pt\/fr\/wp-json\/wp\/v2\/product\/4859","targetHints":{"allow":["GET"]}}],"collection":[{"href":"https:\/\/mola-solta.pt\/fr\/wp-json\/wp\/v2\/product"}],"about":[{"href":"https:\/\/mola-solta.pt\/fr\/wp-json\/wp\/v2\/types\/product"}],"replies":[{"embeddable":true,"href":"https:\/\/mola-solta.pt\/fr\/wp-json\/wp\/v2\/comments?post=4859"}],"version-history":[{"count":0,"href":"https:\/\/mola-solta.pt\/fr\/wp-json\/wp\/v2\/product\/4859\/revisions"}],"wp:featuredmedia":[{"embeddable":true,"href":"https:\/\/mola-solta.pt\/fr\/wp-json\/wp\/v2\/media\/6902"}],"wp:attachment":[{"href":"https:\/\/mola-solta.pt\/fr\/wp-json\/wp\/v2\/media?parent=4859"}],"wp:term":[{"taxonomy":"product_brand","embeddable":true,"href":"https:\/\/mola-solta.pt\/fr\/wp-json\/wp\/v2\/product_brand?post=4859"},{"taxonomy":"product_cat","embeddable":true,"href":"https:\/\/mola-solta.pt\/fr\/wp-json\/wp\/v2\/product_cat?post=4859"},{"taxonomy":"product_tag","embeddable":true,"href":"https:\/\/mola-solta.pt\/fr\/wp-json\/wp\/v2\/product_tag?post=4859"}],"curies":[{"name":"wp","href":"https:\/\/api.w.org\/{rel}","templated":true}]}}