
{"id":6350,"date":"2022-09-30T08:21:57","date_gmt":"2022-09-30T08:21:57","guid":{"rendered":"https:\/\/mola-solta.pt\/?post_type=product&#038;p=6350"},"modified":"2022-11-04T11:29:56","modified_gmt":"2022-11-04T11:29:56","slug":"dream","status":"publish","type":"product","link":"https:\/\/mola-solta.pt\/en\/product\/dream\/","title":{"rendered":"Dream"},"content":{"rendered":"<div data-elementor-type=\"product-post\" data-elementor-id=\"6350\" class=\"elementor elementor-6350\">\n\t\t\t\t\t\t<section class=\"elementor-section elementor-top-section elementor-element elementor-element-d27f8a5 elementor-section-boxed elementor-section-height-default elementor-section-height-default\" data-id=\"d27f8a5\" data-element_type=\"section\" data-e-type=\"section\" data-settings=\"{&quot;tmea_shape_divider_top&quot;:&quot;none&quot;,&quot;tmea_shape_divider_bottom&quot;:&quot;none&quot;}\">\n\t\t\t\t\t\t<div class=\"elementor-container elementor-column-gap-default\">\n\t\t\t\t\t<div class=\"elementor-column elementor-col-100 elementor-top-column elementor-element elementor-element-6ef2502\" data-id=\"6ef2502\" data-element_type=\"column\" data-e-type=\"column\">\n\t\t\t<div class=\"elementor-widget-wrap elementor-element-populated\">\n\t\t\t\t\t\t<div class=\"elementor-element elementor-element-619f241 elementor-widget elementor-widget-video\" data-id=\"619f241\" data-element_type=\"widget\" data-e-type=\"widget\" data-settings=\"{&quot;youtube_url&quot;:&quot;https:\\\/\\\/youtu.be\\\/rEKCwPMjW5s&quot;,&quot;autoplay&quot;:&quot;yes&quot;,&quot;play_on_mobile&quot;:&quot;yes&quot;,&quot;mute&quot;:&quot;yes&quot;,&quot;loop&quot;:&quot;yes&quot;,&quot;yt_privacy&quot;:&quot;yes&quot;,&quot;lazy_load&quot;:&quot;yes&quot;,&quot;video_type&quot;:&quot;youtube&quot;}\" data-widget_type=\"video.default\">\n\t\t\t\t<div class=\"elementor-widget-container\">\n\t\t\t\t\t\t\t<div class=\"elementor-wrapper elementor-open-inline\">\n\t\t\t<div class=\"elementor-video\"><\/div>\t\t<\/div>\n\t\t\t\t\t\t<\/div>\n\t\t\t\t<\/div>\n\t\t\t\t\t<\/div>\n\t\t<\/div>\n\t\t\t\t\t<\/div>\n\t\t<\/section>\n\t\t\t\t<section class=\"elementor-section elementor-top-section elementor-element elementor-element-52c4e1b elementor-section-boxed elementor-section-height-default elementor-section-height-default\" data-id=\"52c4e1b\" data-element_type=\"section\" data-e-type=\"section\" data-settings=\"{&quot;tmea_shape_divider_top&quot;:&quot;none&quot;,&quot;tmea_shape_divider_bottom&quot;:&quot;none&quot;}\">\n\t\t\t\t\t\t<div class=\"elementor-container elementor-column-gap-default\">\n\t\t\t\t\t<div class=\"elementor-column elementor-col-100 elementor-top-column elementor-element elementor-element-4acd2f8\" data-id=\"4acd2f8\" data-element_type=\"column\" data-e-type=\"column\">\n\t\t\t<div class=\"elementor-widget-wrap elementor-element-populated\">\n\t\t\t\t\t\t<div class=\"elementor-element elementor-element-00cd032 elementor-widget elementor-widget-text-editor\" data-id=\"00cd032\" data-element_type=\"widget\" data-e-type=\"widget\" data-widget_type=\"text-editor.default\">\n\t\t\t\t<div class=\"elementor-widget-container\">\n\t\t\t\t\t\t\t\t\t<p>Easy DIY system (the disassembled bed comes in a cardboard box)<\/p><p>MDF and \/ or plywood structure with a mattress base in eucalyptus wood slats with velcro fastening, reinforced plywood central beam and metalic foot<\/p><p>Natural beech wood feet<\/p>\t\t\t\t\t\t\t\t<\/div>\n\t\t\t\t<\/div>\n\t\t\t\t\t<\/div>\n\t\t<\/div>\n\t\t\t\t\t<\/div>\n\t\t<\/section>\n\t\t\t\t<section class=\"elementor-section elementor-top-section elementor-element elementor-element-2cc9b41 elementor-section-boxed elementor-section-height-default elementor-section-height-default\" data-id=\"2cc9b41\" data-element_type=\"section\" data-e-type=\"section\" data-settings=\"{&quot;tmea_shape_divider_top&quot;:&quot;none&quot;,&quot;tmea_shape_divider_bottom&quot;:&quot;none&quot;}\">\n\t\t\t\t\t\t<div class=\"elementor-container elementor-column-gap-default\">\n\t\t\t\t\t<div class=\"elementor-column elementor-col-100 elementor-top-column elementor-element elementor-element-b49af8c\" data-id=\"b49af8c\" data-element_type=\"column\" data-e-type=\"column\">\n\t\t\t<div class=\"elementor-widget-wrap elementor-element-populated\">\n\t\t\t\t\t\t<div class=\"elementor-element elementor-element-5513d44 elementor-widget elementor-widget-image-gallery\" data-id=\"5513d44\" data-element_type=\"widget\" data-e-type=\"widget\" data-widget_type=\"image-gallery.default\">\n\t\t\t\t<div class=\"elementor-widget-container\">\n\t\t\t\t\t\t\t<div class=\"elementor-image-gallery\">\n\t\t\t<div id='gallery-1' class='gallery galleryid-6350 gallery-columns-2 gallery-size-full'><figure class='gallery-item'>\n\t\t\t<div class='gallery-icon landscape'>\n\t\t\t\t<a data-elementor-open-lightbox=\"yes\" data-elementor-lightbox-slideshow=\"5513d44\" data-elementor-lightbox-title=\"Belt\" data-e-action-hash=\"#elementor-action%3Aaction%3Dlightbox%26settings%3DeyJpZCI6NDkyMSwidXJsIjoiaHR0cHM6XC9cL21vbGEtc29sdGEucHRcL3dwLWNvbnRlbnRcL3VwbG9hZHNcLzIwMjJcLzA5XC9CZWx0LnBuZyIsInNsaWRlc2hvdyI6IjU1MTNkNDQifQ%3D%3D\" href='https:\/\/mola-solta.pt\/wp-content\/uploads\/2022\/09\/Belt.png'><img fetchpriority=\"high\" decoding=\"async\" width=\"6000\" height=\"4000\" src=\"https:\/\/mola-solta.pt\/wp-content\/uploads\/2022\/09\/Belt.png\" class=\"attachment-full size-full\" alt=\"\" \/><\/a>\n\t\t\t<\/div><\/figure><figure class='gallery-item'>\n\t\t\t<div class='gallery-icon landscape'>\n\t\t\t\t<a data-elementor-open-lightbox=\"yes\" data-elementor-lightbox-slideshow=\"5513d44\" data-elementor-lightbox-title=\"INTERLOCK\" data-e-action-hash=\"#elementor-action%3Aaction%3Dlightbox%26settings%3DeyJpZCI6NDg2MiwidXJsIjoiaHR0cHM6XC9cL21vbGEtc29sdGEucHRcL3dwLWNvbnRlbnRcL3VwbG9hZHNcLzIwMjJcLzA5XC9JTlRFUkxPQ0suanBnIiwic2xpZGVzaG93IjoiNTUxM2Q0NCJ9\" href='https:\/\/mola-solta.pt\/wp-content\/uploads\/2022\/09\/INTERLOCK.jpg'><img decoding=\"async\" width=\"1000\" height=\"667\" src=\"https:\/\/mola-solta.pt\/wp-content\/uploads\/2022\/09\/INTERLOCK.jpg\" class=\"attachment-full size-full\" alt=\"\" \/><\/a>\n\t\t\t<\/div><\/figure><figure class='gallery-item'>\n\t\t\t<div class='gallery-icon landscape'>\n\t\t\t\t<a data-elementor-open-lightbox=\"yes\" data-elementor-lightbox-slideshow=\"5513d44\" data-elementor-lightbox-title=\"CINTIA\" data-e-action-hash=\"#elementor-action%3Aaction%3Dlightbox%26settings%3DeyJpZCI6NjE5NiwidXJsIjoiaHR0cHM6XC9cL21vbGEtc29sdGEucHRcL3dwLWNvbnRlbnRcL3VwbG9hZHNcLzIwMjJcLzA5XC9DSU5USUEucG5nIiwic2xpZGVzaG93IjoiNTUxM2Q0NCJ9\" href='https:\/\/mola-solta.pt\/wp-content\/uploads\/2022\/09\/CINTIA.png'><img decoding=\"async\" width=\"700\" height=\"700\" src=\"https:\/\/mola-solta.pt\/wp-content\/uploads\/2022\/09\/CINTIA.png\" class=\"attachment-full size-full\" alt=\"\" \/><\/a>\n\t\t\t<\/div><\/figure><figure class='gallery-item'>\n\t\t\t<div class='gallery-icon landscape'>\n\t\t\t\t<a data-elementor-open-lightbox=\"yes\" data-elementor-lightbox-slideshow=\"5513d44\" data-elementor-lightbox-title=\"EDITOR\" data-e-action-hash=\"#elementor-action%3Aaction%3Dlightbox%26settings%3DeyJpZCI6NjU2NiwidXJsIjoiaHR0cHM6XC9cL21vbGEtc29sdGEucHRcL3dwLWNvbnRlbnRcL3VwbG9hZHNcLzIwMjJcLzA5XC9FRElUT1IucG5nIiwic2xpZGVzaG93IjoiNTUxM2Q0NCJ9\" href='https:\/\/mola-solta.pt\/wp-content\/uploads\/2022\/09\/EDITOR.png'><img loading=\"lazy\" decoding=\"async\" width=\"700\" height=\"700\" src=\"https:\/\/mola-solta.pt\/wp-content\/uploads\/2022\/09\/EDITOR.png\" class=\"attachment-full size-full\" alt=\"\" \/><\/a>\n\t\t\t<\/div><\/figure>\n\t\t<\/div>\n\t\t<\/div>\n\t\t\t\t\t\t<\/div>\n\t\t\t\t<\/div>\n\t\t\t\t\t<\/div>\n\t\t<\/div>\n\t\t\t\t\t<\/div>\n\t\t<\/section>\n\t\t\t\t<\/div>","protected":false},"excerpt":{"rendered":"<p>Sistema de montagem f\u00e1cil (cama desmontada fornecida em caixa de cart\u00e3o) Estrutura em MDF e\/ou contraplacado com base para o colch\u00e3o em r\u00e9guas de madeira de eucalipto com fixa\u00e7\u00e3o por velcro, travess\u00e3o central de refor\u00e7o em contraplacado com p\u00e9 met\u00e1lico P\u00e9s em madeira de faia cor natural<\/p>","protected":false},"featured_media":7046,"comment_status":"open","ping_status":"closed","template":"","meta":{"_acf_changed":false},"product_brand":[],"product_cat":[62],"product_tag":[],"class_list":{"0":"post-6350","1":"product","2":"type-product","3":"status-publish","4":"has-post-thumbnail","6":"product_cat-camas","8":"first","9":"instock","10":"shipping-taxable","11":"product-type-simple"},"acf":[],"_links":{"self":[{"href":"https:\/\/mola-solta.pt\/en\/wp-json\/wp\/v2\/product\/6350","targetHints":{"allow":["GET"]}}],"collection":[{"href":"https:\/\/mola-solta.pt\/en\/wp-json\/wp\/v2\/product"}],"about":[{"href":"https:\/\/mola-solta.pt\/en\/wp-json\/wp\/v2\/types\/product"}],"replies":[{"embeddable":true,"href":"https:\/\/mola-solta.pt\/en\/wp-json\/wp\/v2\/comments?post=6350"}],"version-history":[{"count":0,"href":"https:\/\/mola-solta.pt\/en\/wp-json\/wp\/v2\/product\/6350\/revisions"}],"wp:featuredmedia":[{"embeddable":true,"href":"https:\/\/mola-solta.pt\/en\/wp-json\/wp\/v2\/media\/7046"}],"wp:attachment":[{"href":"https:\/\/mola-solta.pt\/en\/wp-json\/wp\/v2\/media?parent=6350"}],"wp:term":[{"taxonomy":"product_brand","embeddable":true,"href":"https:\/\/mola-solta.pt\/en\/wp-json\/wp\/v2\/product_brand?post=6350"},{"taxonomy":"product_cat","embeddable":true,"href":"https:\/\/mola-solta.pt\/en\/wp-json\/wp\/v2\/product_cat?post=6350"},{"taxonomy":"product_tag","embeddable":true,"href":"https:\/\/mola-solta.pt\/en\/wp-json\/wp\/v2\/product_tag?post=6350"}],"curies":[{"name":"wp","href":"https:\/\/api.w.org\/{rel}","templated":true}]}}