
{"id":3787,"date":"2022-09-02T15:51:38","date_gmt":"2022-09-02T15:51:38","guid":{"rendered":"https:\/\/suba-agency.com\/mola-solta\/?post_type=product&#038;p=3787"},"modified":"2022-11-04T11:40:22","modified_gmt":"2022-11-04T11:40:22","slug":"sky","status":"publish","type":"product","link":"https:\/\/mola-solta.pt\/en\/product\/sky\/","title":{"rendered":"Sky"},"content":{"rendered":"<div data-elementor-type=\"product-post\" data-elementor-id=\"3787\" class=\"elementor elementor-3787\">\n\t\t\t\t\t\t<section class=\"elementor-section elementor-top-section elementor-element elementor-element-d27f8a5 elementor-section-boxed elementor-section-height-default elementor-section-height-default\" data-id=\"d27f8a5\" data-element_type=\"section\" data-e-type=\"section\" data-settings=\"{&quot;tmea_shape_divider_top&quot;:&quot;none&quot;,&quot;tmea_shape_divider_bottom&quot;:&quot;none&quot;}\">\n\t\t\t\t\t\t<div class=\"elementor-container elementor-column-gap-default\">\n\t\t\t\t\t<div class=\"elementor-column elementor-col-100 elementor-top-column elementor-element elementor-element-6ef2502\" data-id=\"6ef2502\" data-element_type=\"column\" data-e-type=\"column\">\n\t\t\t<div class=\"elementor-widget-wrap elementor-element-populated\">\n\t\t\t\t\t\t<div class=\"elementor-element elementor-element-1d29923 elementor-widget elementor-widget-image\" data-id=\"1d29923\" data-element_type=\"widget\" data-e-type=\"widget\" data-widget_type=\"image.default\">\n\t\t\t\t<div class=\"elementor-widget-container\">\n\t\t\t\t\t\t\t\t\t\t\t\t\t\t\t<img fetchpriority=\"high\" decoding=\"async\" width=\"1450\" height=\"600\" src=\"https:\/\/mola-solta.pt\/wp-content\/uploads\/2022\/09\/sky-1.jpg\" class=\"attachment-full size-full wp-image-6289\" alt=\"\" \/>\t\t\t\t\t\t\t\t\t\t\t\t\t\t\t<\/div>\n\t\t\t\t<\/div>\n\t\t\t\t\t<\/div>\n\t\t<\/div>\n\t\t\t\t\t<\/div>\n\t\t<\/section>\n\t\t\t\t<section class=\"elementor-section elementor-top-section elementor-element elementor-element-52c4e1b elementor-section-boxed elementor-section-height-default elementor-section-height-default\" data-id=\"52c4e1b\" data-element_type=\"section\" data-e-type=\"section\" data-settings=\"{&quot;tmea_shape_divider_top&quot;:&quot;none&quot;,&quot;tmea_shape_divider_bottom&quot;:&quot;none&quot;}\">\n\t\t\t\t\t\t<div class=\"elementor-container elementor-column-gap-default\">\n\t\t\t\t\t<div class=\"elementor-column elementor-col-100 elementor-top-column elementor-element elementor-element-4acd2f8\" data-id=\"4acd2f8\" data-element_type=\"column\" data-e-type=\"column\">\n\t\t\t<div class=\"elementor-widget-wrap elementor-element-populated\">\n\t\t\t\t\t\t<div class=\"elementor-element elementor-element-00cd032 elementor-widget elementor-widget-text-editor\" data-id=\"00cd032\" data-element_type=\"widget\" data-e-type=\"widget\" data-widget_type=\"text-editor.default\">\n\t\t\t\t<div class=\"elementor-widget-container\">\n\t\t\t\t\t\t\t\t\t<p>Pine wood + MDF structure<\/p><p>Metal fastening system to the wall (included)<\/p><p>Plastic sliders to protect the floor<\/p>\t\t\t\t\t\t\t\t<\/div>\n\t\t\t\t<\/div>\n\t\t\t\t\t<\/div>\n\t\t<\/div>\n\t\t\t\t\t<\/div>\n\t\t<\/section>\n\t\t\t\t<section class=\"elementor-section elementor-top-section elementor-element elementor-element-2cc9b41 elementor-section-boxed elementor-section-height-default elementor-section-height-default\" data-id=\"2cc9b41\" data-element_type=\"section\" data-e-type=\"section\" data-settings=\"{&quot;tmea_shape_divider_top&quot;:&quot;none&quot;,&quot;tmea_shape_divider_bottom&quot;:&quot;none&quot;}\">\n\t\t\t\t\t\t<div class=\"elementor-container elementor-column-gap-default\">\n\t\t\t\t\t<div class=\"elementor-column elementor-col-100 elementor-top-column elementor-element elementor-element-b49af8c\" data-id=\"b49af8c\" data-element_type=\"column\" data-e-type=\"column\">\n\t\t\t<div class=\"elementor-widget-wrap elementor-element-populated\">\n\t\t\t\t\t\t<div class=\"elementor-element elementor-element-5513d44 elementor-widget elementor-widget-image-gallery\" data-id=\"5513d44\" data-element_type=\"widget\" data-e-type=\"widget\" data-widget_type=\"image-gallery.default\">\n\t\t\t\t<div class=\"elementor-widget-container\">\n\t\t\t\t\t\t\t<div class=\"elementor-image-gallery\">\n\t\t\t<div id='gallery-1' class='gallery galleryid-3787 gallery-columns-2 gallery-size-full'><figure class='gallery-item'>\n\t\t\t<div class='gallery-icon landscape'>\n\t\t\t\t<a data-elementor-open-lightbox=\"yes\" data-elementor-lightbox-slideshow=\"5513d44\" data-elementor-lightbox-title=\"Belt\" data-e-action-hash=\"#elementor-action%3Aaction%3Dlightbox%26settings%3DeyJpZCI6NDkyMSwidXJsIjoiaHR0cHM6XC9cL21vbGEtc29sdGEucHRcL3dwLWNvbnRlbnRcL3VwbG9hZHNcLzIwMjJcLzA5XC9CZWx0LnBuZyIsInNsaWRlc2hvdyI6IjU1MTNkNDQifQ%3D%3D\" href='https:\/\/mola-solta.pt\/wp-content\/uploads\/2022\/09\/Belt.png'><img decoding=\"async\" width=\"6000\" height=\"4000\" src=\"https:\/\/mola-solta.pt\/wp-content\/uploads\/2022\/09\/Belt.png\" class=\"attachment-full size-full\" alt=\"\" \/><\/a>\n\t\t\t<\/div><\/figure><figure class='gallery-item'>\n\t\t\t<div class='gallery-icon landscape'>\n\t\t\t\t<a data-elementor-open-lightbox=\"yes\" data-elementor-lightbox-slideshow=\"5513d44\" data-elementor-lightbox-title=\"INTERLOCK\" data-e-action-hash=\"#elementor-action%3Aaction%3Dlightbox%26settings%3DeyJpZCI6NDg2MiwidXJsIjoiaHR0cHM6XC9cL21vbGEtc29sdGEucHRcL3dwLWNvbnRlbnRcL3VwbG9hZHNcLzIwMjJcLzA5XC9JTlRFUkxPQ0suanBnIiwic2xpZGVzaG93IjoiNTUxM2Q0NCJ9\" href='https:\/\/mola-solta.pt\/wp-content\/uploads\/2022\/09\/INTERLOCK.jpg'><img decoding=\"async\" width=\"1000\" height=\"667\" src=\"https:\/\/mola-solta.pt\/wp-content\/uploads\/2022\/09\/INTERLOCK.jpg\" class=\"attachment-full size-full\" alt=\"\" \/><\/a>\n\t\t\t<\/div><\/figure><figure class='gallery-item'>\n\t\t\t<div class='gallery-icon landscape'>\n\t\t\t\t<a data-elementor-open-lightbox=\"yes\" data-elementor-lightbox-slideshow=\"5513d44\" data-elementor-lightbox-title=\"CINTIA\" data-e-action-hash=\"#elementor-action%3Aaction%3Dlightbox%26settings%3DeyJpZCI6NjE5NiwidXJsIjoiaHR0cHM6XC9cL21vbGEtc29sdGEucHRcL3dwLWNvbnRlbnRcL3VwbG9hZHNcLzIwMjJcLzA5XC9DSU5USUEucG5nIiwic2xpZGVzaG93IjoiNTUxM2Q0NCJ9\" href='https:\/\/mola-solta.pt\/wp-content\/uploads\/2022\/09\/CINTIA.png'><img loading=\"lazy\" decoding=\"async\" width=\"700\" height=\"700\" src=\"https:\/\/mola-solta.pt\/wp-content\/uploads\/2022\/09\/CINTIA.png\" class=\"attachment-full size-full\" alt=\"\" \/><\/a>\n\t\t\t<\/div><\/figure><figure class='gallery-item'>\n\t\t\t<div class='gallery-icon landscape'>\n\t\t\t\t<a data-elementor-open-lightbox=\"yes\" data-elementor-lightbox-slideshow=\"5513d44\" data-elementor-lightbox-title=\"EDITOR\" data-e-action-hash=\"#elementor-action%3Aaction%3Dlightbox%26settings%3DeyJpZCI6NjU2NiwidXJsIjoiaHR0cHM6XC9cL21vbGEtc29sdGEucHRcL3dwLWNvbnRlbnRcL3VwbG9hZHNcLzIwMjJcLzA5XC9FRElUT1IucG5nIiwic2xpZGVzaG93IjoiNTUxM2Q0NCJ9\" href='https:\/\/mola-solta.pt\/wp-content\/uploads\/2022\/09\/EDITOR.png'><img loading=\"lazy\" decoding=\"async\" width=\"700\" height=\"700\" src=\"https:\/\/mola-solta.pt\/wp-content\/uploads\/2022\/09\/EDITOR.png\" class=\"attachment-full size-full\" alt=\"\" \/><\/a>\n\t\t\t<\/div><\/figure>\n\t\t<\/div>\n\t\t<\/div>\n\t\t\t\t\t\t<\/div>\n\t\t\t\t<\/div>\n\t\t\t\t\t<\/div>\n\t\t<\/div>\n\t\t\t\t\t<\/div>\n\t\t<\/section>\n\t\t\t\t<\/div>","protected":false},"excerpt":{"rendered":"<p>Estrutura em madeira de pinho + MDF Sistema de fixa\u00e7\u00e3o \u00e0 parede por encaixe met\u00e1lico (inclu\u00eddo) Deslizadores pl\u00e1sticos para prote\u00e7\u00e3o ao ch\u00e3o<\/p>","protected":false},"featured_media":6110,"comment_status":"open","ping_status":"closed","template":"","meta":{"_acf_changed":false},"product_brand":[],"product_cat":[66],"product_tag":[],"class_list":{"0":"post-3787","1":"product","2":"type-product","3":"status-publish","4":"has-post-thumbnail","6":"product_cat-cabeceiras-de-cama","8":"first","9":"instock","10":"shipping-taxable","11":"product-type-simple"},"acf":[],"_links":{"self":[{"href":"https:\/\/mola-solta.pt\/en\/wp-json\/wp\/v2\/product\/3787","targetHints":{"allow":["GET"]}}],"collection":[{"href":"https:\/\/mola-solta.pt\/en\/wp-json\/wp\/v2\/product"}],"about":[{"href":"https:\/\/mola-solta.pt\/en\/wp-json\/wp\/v2\/types\/product"}],"replies":[{"embeddable":true,"href":"https:\/\/mola-solta.pt\/en\/wp-json\/wp\/v2\/comments?post=3787"}],"version-history":[{"count":0,"href":"https:\/\/mola-solta.pt\/en\/wp-json\/wp\/v2\/product\/3787\/revisions"}],"wp:featuredmedia":[{"embeddable":true,"href":"https:\/\/mola-solta.pt\/en\/wp-json\/wp\/v2\/media\/6110"}],"wp:attachment":[{"href":"https:\/\/mola-solta.pt\/en\/wp-json\/wp\/v2\/media?parent=3787"}],"wp:term":[{"taxonomy":"product_brand","embeddable":true,"href":"https:\/\/mola-solta.pt\/en\/wp-json\/wp\/v2\/product_brand?post=3787"},{"taxonomy":"product_cat","embeddable":true,"href":"https:\/\/mola-solta.pt\/en\/wp-json\/wp\/v2\/product_cat?post=3787"},{"taxonomy":"product_tag","embeddable":true,"href":"https:\/\/mola-solta.pt\/en\/wp-json\/wp\/v2\/product_tag?post=3787"}],"curies":[{"name":"wp","href":"https:\/\/api.w.org\/{rel}","templated":true}]}}